{"id":1941,"date":"2018-08-01T13:51:46","date_gmt":"2018-08-01T11:51:46","guid":{"rendered":"https:\/\/www.pygmento.com\/events-blog-news-advice-for-events-organizators\/"},"modified":"2018-10-05T07:43:17","modified_gmt":"2018-10-05T05:43:17","slug":"events-blog-news-advice-for-events-organizators","status":"publish","type":"page","link":"https:\/\/www.pygmento.com\/en\/events-blog-news-advice-for-events-organizators\/","title":{"rendered":"Events blog &#8211; News &#038; advice for events organizators"},"content":{"rendered":"<p>[et_pb_section bb_built=&#8221;1&#8243; admin_label=&#8221;Header Section&#8221; custom_padding_last_edited=&#8221;off|desktop&#8221; _builder_version=&#8221;3.9&#8243; use_background_color_gradient=&#8221;on&#8221; background_color_gradient_start=&#8221;#ffffff&#8221; background_color_gradient_end=&#8221;rgba(255,255,255,0)&#8221; background_color_gradient_start_position=&#8221;40%&#8221; background_color_gradient_overlays_image=&#8221;on&#8221; background_image=&#8221;https:\/\/www.pygmento.com\/wp-content\/uploads\/2018\/07\/event-musee-badge-pygmento.jpg&#8221; background_position=&#8221;bottom_center&#8221; custom_padding=&#8221;8%|0px|40%|0px|false|false&#8221; custom_padding_tablet=&#8221;320px|0px|0px|0px&#8221; next_background_color=&#8221;#ffffff&#8221;][et_pb_row admin_label=&#8221;Header Row&#8221; _builder_version=&#8221;3.0.100&#8243;][et_pb_column type=&#8221;4_4&#8243;][et_pb_text _builder_version=&#8221;3.9&#8243; text_font=&#8221;Open Sans|600|||||||&#8221; text_font_size=&#8221;16px&#8221; text_line_height=&#8221;1.8em&#8221; header_font=&#8221;Oswald|||on|||||&#8221; header_font_size=&#8221;60px&#8221; header_letter_spacing=&#8221;5px&#8221; header_line_height=&#8221;1.4em&#8221; text_orientation=&#8221;center&#8221; max_width=&#8221;700px&#8221; module_alignment=&#8221;center&#8221; animation_style=&#8221;fade&#8221;]<\/p>\n<h1>The events blog<\/h1>\n<p>On this events blog, find all the current events and many advice for events organizators.<\/p>\n<p>[\/et_pb_text][\/et_pb_column][\/et_pb_row][\/et_pb_section][et_pb_section bb_built=&#8221;1&#8243; admin_label=&#8221;Products Section&#8221; _builder_version=&#8221;3.0.93&#8243; custom_padding=&#8221;120px|0px|120px|0px&#8221; prev_background_color=&#8221;#000000&#8243; next_background_color=&#8221;#F7F7F7&#8243;][et_pb_row admin_label=&#8221;Contact Us Row&#8221; _builder_version=&#8221;3.9&#8243; locked=&#8221;off&#8221;][et_pb_column type=&#8221;4_4&#8243;][et_pb_blog fullwidth=&#8221;off&#8221; show_more=&#8221;on&#8221; show_categories=&#8221;off&#8221; _builder_version=&#8221;3.9&#8243; pagination_font_size_tablet=&#8221;51&#8243; pagination_line_height_tablet=&#8221;2&#8243; border_color_all=&#8221;#969696&#8243; border_width_all_fullwidth=&#8221;1px&#8221; border_color_all_fullwidth=&#8221;#b3002d&#8221; use_border_color=&#8221;on&#8221; saved_tabs=&#8221;all&#8221;]<br \/>\n[\/et_pb_blog][\/et_pb_column][\/et_pb_row][\/et_pb_section][et_pb_section bb_built=&#8221;1&#8243; _builder_version=&#8221;3.9&#8243; background_color=&#8221;#F7F7F7&#8243; saved_tabs=&#8221;all&#8221; global_module=&#8221;2211&#8243; prev_background_color=&#8221;#ffffff&#8221; next_background_color=&#8221;#000000&#8243;][et_pb_row global_parent=&#8221;2211&#8243; custom_padding=&#8221;0|0px|27px|0px|false|false&#8221; _builder_version=&#8221;3.9&#8243;][et_pb_column type=&#8221;4_4&#8243;][et_pb_text admin_label=&#8221;Tittle &amp; Paragraph&#8221; global_parent=&#8221;2211&#8243; _builder_version=&#8221;3.9&#8243; text_font=&#8221;Open Sans|600|||||||&#8221; text_font_size=&#8221;16px&#8221; text_line_height=&#8221;1.8em&#8221; header_2_font=&#8221;Oswald|||on|||||&#8221; header_2_font_size=&#8221;45px&#8221; header_2_letter_spacing=&#8221;3px&#8221; header_2_line_height=&#8221;1.4em&#8221; text_orientation=&#8221;center&#8221; max_width=&#8221;700px&#8221; module_alignment=&#8221;center&#8221; custom_margin=&#8221;40px|||&#8221; custom_margin_tablet=&#8221;0px|||&#8221; custom_margin_phone=&#8221;|||&#8221; custom_margin_last_edited=&#8221;on|phone&#8221;]<\/p>\n<h2 class=\"section-heading\">Download our free EBOOK (only available in French)<\/h2>\n<p>The check list for the events planner. A full guide that will help you to organize your event with success !<\/p>\n<p>[\/et_pb_text][\/et_pb_column][\/et_pb_row][et_pb_row global_parent=&#8221;2211&#8243; _builder_version=&#8221;3.9&#8243;][et_pb_column type=&#8221;1_2&#8243;][et_pb_contact_form admin_label=&#8221;Form Ebook Download&#8221; global_parent=&#8221;2211&#8243; captcha=&#8221;off&#8221; use_redirect=&#8221;on&#8221; redirect_url=&#8221;https:\/\/www.pygmento.com\/wp-content\/uploads\/2018\/09\/La-check-list-compl\u00e8te-pour-les-organisateurs-d\u00e9v\u00e9nements-1.pdf&#8221; submit_button_text=&#8221;Download&#8221; form_background_color=&#8221;#ffffff&#8221; module_id=&#8221;et_pb_contact_form_0&#8243; _builder_version=&#8221;3.9&#8243; title_font=&#8221;Open Sans|600|||||||&#8221; form_field_font=&#8221;Open Sans|600|||||||&#8221; custom_button=&#8221;on&#8221; button_text_size=&#8221;14px&#8221; button_text_color=&#8221;#ffffff&#8221; button_bg_color=&#8221;#000000&#8243; button_border_width=&#8221;0px&#8221; button_bg_color_hover=&#8221;rgba(0,0,0,0.7)&#8221; saved_tabs=&#8221;all&#8221; email=&#8221;contact+ebook@pygmento.com&#8221; custom_message=&#8221;Ebook download||et_pb_line_break_holder||Name: %%Name%%||et_pb_line_break_holder||Email: %%Email%%&#8221;][et_pb_contact_field field_id=&#8221;Name&#8221; field_title=&#8221;Name&#8221; field_background_color=&#8221;#ffffff&#8221; _builder_version=&#8221;3.9&#8243; form_field_font=&#8221;||||||||&#8221; border_radii=&#8221;on||||&#8221;][\/et_pb_contact_field][et_pb_contact_field field_id=&#8221;Email&#8221; field_title=&#8221;Email&#8221; field_type=&#8221;email&#8221; field_background_color=&#8221;#ffffff&#8221; _builder_version=&#8221;3.9&#8243; form_field_font=&#8221;||||||||&#8221; border_radii=&#8221;on||||&#8221;][\/et_pb_contact_field][\/et_pb_contact_form][\/et_pb_column][et_pb_column type=&#8221;1_2&#8243;][et_pb_image global_parent=&#8221;2211&#8243; src=&#8221;https:\/\/www.pygmento.com\/wp-content\/uploads\/2018\/09\/memo-organisateurs-events-couvertire-ebook.jpg&#8221; _builder_version=&#8221;3.9&#8243; box_shadow_style=&#8221;preset1&#8243; max_width=&#8221;51%&#8221;]<br \/>\n[\/et_pb_image][\/et_pb_column][\/et_pb_row][et_pb_row global_parent=&#8221;2211&#8243; _builder_version=&#8221;3.9&#8243;][et_pb_column type=&#8221;4_4&#8243;][et_pb_social_media_follow global_parent=&#8221;2211&#8243; _builder_version=&#8221;3.9&#8243; text_orientation=&#8221;center&#8221; custom_margin=&#8221;|||&#8221; custom_padding=&#8221;|||&#8221; mix_blend_mode=&#8221;multiply&#8221;][et_pb_social_media_follow_network social_network=&#8221;facebook&#8221; url=&#8221;https:\/\/www.facebook.com\/pygmento&#8221; _builder_version=&#8221;3.9&#8243; background_color=&#8221;rgba(160,160,160,0.8)&#8221; border_radii=&#8221;on|100px|100px|100px|100px&#8221; custom_margin=&#8221;|2%||2%&#8221; custom_padding=&#8221;12px|12px|12px|12px&#8221; follow_button=&#8221;off&#8221; url_new_window=&#8221;on&#8221;]facebook[\/et_pb_social_media_follow_network][et_pb_social_media_follow_network social_network=&#8221;linkedin&#8221; url=&#8221;https:\/\/www.linkedin.com\/company\/pygmento\/&#8221; _builder_version=&#8221;3.9&#8243; background_color=&#8221;rgba(160,160,160,0.8)&#8221; border_radii=&#8221;on|100px|100px|100px|100px&#8221; custom_margin=&#8221;|2%||2%&#8221; custom_padding=&#8221;12px|12px|12px|12px&#8221; follow_button=&#8221;off&#8221; url_new_window=&#8221;on&#8221;]linkedin[\/et_pb_social_media_follow_network][et_pb_social_media_follow_network social_network=&#8221;twitter&#8221; url=&#8221;https:\/\/twitter.com\/pygmentoFR&#8221; _builder_version=&#8221;3.9&#8243; background_color=&#8221;rgba(160,160,160,0.8)&#8221; border_radii=&#8221;on|100px|100px|100px|100px&#8221; custom_margin=&#8221;|2%||2%&#8221; custom_padding=&#8221;12px|12px|12px|12px&#8221; follow_button=&#8221;off&#8221; url_new_window=&#8221;on&#8221;]twitter[\/et_pb_social_media_follow_network][\/et_pb_social_media_follow][\/et_pb_column][\/et_pb_row][\/et_pb_section][et_pb_section bb_built=&#8221;1&#8243; admin_label=&#8221;Footer Section&#8221; _builder_version=&#8221;3.0.93&#8243; background_color=&#8221;#000000&#8243; custom_padding=&#8221;32px|0px|0|0px|false|false&#8221; saved_tabs=&#8221;all&#8221; prev_background_color=&#8221;#F7F7F7&#8243; global_module=&#8221;2082&#8243;][et_pb_row admin_label=&#8221;Footer Row&#8221; global_parent=&#8221;2082&#8243; custom_padding=&#8221;27px|0px|47px|0px|false|false&#8221; _builder_version=&#8221;3.9&#8243;][et_pb_column type=&#8221;1_3&#8243;][et_pb_text global_parent=&#8221;2082&#8243; _builder_version=&#8221;3.9&#8243; text_font=&#8221;Oswald|300||on|||||&#8221; text_text_color=&#8221;#ffffff&#8221; text_letter_spacing=&#8221;4px&#8221; text_line_height=&#8221;1.9em&#8221; header_font=&#8221;Oswald|600||on|||||&#8221; header_text_color=&#8221;#ffffff&#8221; header_font_size=&#8221;36px&#8221; header_letter_spacing=&#8221;5px&#8221; header_2_font=&#8221;||||||||&#8221; header_3_font=&#8221;||||||||&#8221;]<\/p>\n<h1>PYGMENTO<\/h1>\n<p>BADGES EN LIGNE<\/p>\n<p>[\/et_pb_text][\/et_pb_column][et_pb_column type=&#8221;1_3&#8243;][et_pb_text admin_label=&#8221;Links&#8221; global_parent=&#8221;2082&#8243; _builder_version=&#8221;3.0.99&#8243; text_font=&#8221;Open Sans|600|||||||&#8221; text_text_color=&#8221;#ffffff&#8221; text_line_height=&#8221;1.4em&#8221; text_line_height_last_edited=&#8221;off|desktop&#8221; link_font=&#8221;Open Sans|600|||||||&#8221; link_text_color=&#8221;#ffffff&#8221; link_line_height=&#8221;2.5em&#8221; header_font=&#8221;||||||||&#8221; header_2_font=&#8221;||||||||&#8221; header_3_font=&#8221;||||||||&#8221; header_6_font=&#8221;Oswald|500||on|||||&#8221; header_6_text_color=&#8221;rgba(255,255,255,0.4)&#8221; header_6_letter_spacing=&#8221;2px&#8221; header_6_line_height=&#8221;1.7em&#8221; background_layout=&#8221;dark&#8221; module_alignment=&#8221;center&#8221; custom_margin=&#8221;|||&#8221; custom_margin_tablet=&#8221;0px|||&#8221; custom_margin_phone=&#8221;|||&#8221; custom_margin_last_edited=&#8221;off|desktop&#8221;]<\/p>\n<h6>Location<\/h6>\n<p>Rue de la Vistule<\/p>\n<p>75013, Paris<\/p>\n<p>[\/et_pb_text][et_pb_text admin_label=&#8221;Links&#8221; global_parent=&#8221;2082&#8243; _builder_version=&#8221;3.0.99&#8243; text_font=&#8221;Open Sans|600|||||||&#8221; text_text_color=&#8221;#ffffff&#8221; text_line_height=&#8221;1.4em&#8221; text_line_height_last_edited=&#8221;off|desktop&#8221; link_font=&#8221;Open Sans|600|||||||&#8221; link_text_color=&#8221;#ffffff&#8221; link_line_height=&#8221;2.5em&#8221; header_font=&#8221;||||||||&#8221; header_2_font=&#8221;||||||||&#8221; header_3_font=&#8221;||||||||&#8221; header_6_font=&#8221;Oswald|500||on|||||&#8221; header_6_text_color=&#8221;rgba(255,255,255,0.4)&#8221; header_6_letter_spacing=&#8221;2px&#8221; header_6_line_height=&#8221;1.7em&#8221; background_layout=&#8221;dark&#8221; module_alignment=&#8221;center&#8221; custom_margin=&#8221;|||&#8221; custom_margin_tablet=&#8221;0px|||&#8221; custom_margin_phone=&#8221;|||&#8221; custom_margin_last_edited=&#8221;off|desktop&#8221;]<\/p>\n<h6>Contact<\/h6>\n<p>contact@pygmento.com<\/p>\n<p>[\/et_pb_text][\/et_pb_column][et_pb_column type=&#8221;1_3&#8243;][et_pb_text admin_label=&#8221;Links&#8221; global_parent=&#8221;2082&#8243; _builder_version=&#8221;3.9&#8243; text_font=&#8221;Open Sans|600|||||||&#8221; text_text_color=&#8221;#ffffff&#8221; text_line_height=&#8221;1em&#8221; text_line_height_last_edited=&#8221;off|desktop&#8221; link_font=&#8221;Open Sans|600|||||||&#8221; link_text_color=&#8221;#ffffff&#8221; link_line_height=&#8221;2.5em&#8221; header_font=&#8221;||||||||&#8221; header_2_font=&#8221;||||||||&#8221; header_3_font=&#8221;||||||||&#8221; header_6_font=&#8221;Oswald|500||on|||||&#8221; header_6_text_color=&#8221;rgba(255,255,255,0.4)&#8221; header_6_letter_spacing=&#8221;2px&#8221; header_6_line_height=&#8221;1.7em&#8221; background_layout=&#8221;dark&#8221; module_alignment=&#8221;center&#8221; custom_margin=&#8221;|||&#8221; custom_margin_tablet=&#8221;0px|||&#8221; custom_margin_phone=&#8221;|||&#8221; custom_margin_last_edited=&#8221;off|desktop&#8221;]<\/p>\n<h6>Our partners pages<\/h6>\n<p><a title=\"Notre partenaire Weezevent\" href=\"https:\/\/www.pygmento.com\/en\/our-partner-weezevent-online-tickets-service\/\" target=\"_blank\" rel=\"noopener noreferrer\">Weezevent<\/a><\/p>\n<p><a style=\"font-size: 14px;\" title=\"Universe\" href=\"https:\/\/www.pygmento.com\/en\/our-partner-universe-online-tickets-service\/\">Universe<\/a><\/p>\n<p>[\/et_pb_text][\/et_pb_column][\/et_pb_row][\/et_pb_section]<\/p>\n","protected":false},"excerpt":{"rendered":"<p>The events blog On this events blog, find all the current events and many advice for events organizators. Download our free EBOOK (only available in French) The check list for the events planner. A full guide that will help you to organize your event with success ! PYGMENTO BADGES EN LIGNE Location Rue de la [&hellip;]<\/p>\n","protected":false},"author":3,"featured_media":0,"parent":0,"menu_order":0,"comment_status":"closed","ping_status":"closed","template":"","meta":{"_et_pb_use_builder":"on","_et_pb_old_content":"","_et_gb_content_width":"","footnotes":""},"_links":{"self":[{"href":"https:\/\/www.pygmento.com\/en\/wp-json\/wp\/v2\/pages\/1941"}],"collection":[{"href":"https:\/\/www.pygmento.com\/en\/wp-json\/wp\/v2\/pages"}],"about":[{"href":"https:\/\/www.pygmento.com\/en\/wp-json\/wp\/v2\/types\/page"}],"author":[{"embeddable":true,"href":"https:\/\/www.pygmento.com\/en\/wp-json\/wp\/v2\/users\/3"}],"replies":[{"embeddable":true,"href":"https:\/\/www.pygmento.com\/en\/wp-json\/wp\/v2\/comments?post=1941"}],"version-history":[{"count":8,"href":"https:\/\/www.pygmento.com\/en\/wp-json\/wp\/v2\/pages\/1941\/revisions"}],"predecessor-version":[{"id":2242,"href":"https:\/\/www.pygmento.com\/en\/wp-json\/wp\/v2\/pages\/1941\/revisions\/2242"}],"wp:attachment":[{"href":"https:\/\/www.pygmento.com\/en\/wp-json\/wp\/v2\/media?parent=1941"}],"curies":[{"name":"wp","href":"https:\/\/api.w.org\/{rel}","templated":true}]}}