{"id":1611,"date":"2018-07-20T15:33:32","date_gmt":"2018-07-20T13:33:32","guid":{"rendered":"https:\/\/www.pygmento.com\/?page_id=1611"},"modified":"2018-10-05T07:36:10","modified_gmt":"2018-10-05T05:36:10","slug":"blog","status":"publish","type":"page","link":"https:\/\/www.pygmento.com\/fr\/blog\/","title":{"rendered":"Blog \u00e9v\u00e9nementiel- Actualit\u00e9 &#038; conseils aux organisateurs"},"content":{"rendered":"<p>[et_pb_section bb_built=\u00a0\u00bb1&Prime; admin_label=\u00a0\u00bbHeader Section\u00a0\u00bb custom_padding_last_edited=\u00a0\u00bboff|desktop\u00a0\u00bb _builder_version=\u00a0\u00bb3.9&Prime; use_background_color_gradient=\u00a0\u00bbon\u00a0\u00bb background_color_gradient_start=\u00a0\u00bb#ffffff\u00a0\u00bb background_color_gradient_end=\u00a0\u00bbrgba(255,255,255,0)\u00a0\u00bb background_color_gradient_start_position=\u00a0\u00bb40%\u00a0\u00bb background_color_gradient_overlays_image=\u00a0\u00bbon\u00a0\u00bb background_image=\u00a0\u00bbhttps:\/\/www.pygmento.com\/wp-content\/uploads\/2018\/07\/event-musee-badge-pygmento.jpg\u00a0\u00bb background_position=\u00a0\u00bbbottom_center\u00a0\u00bb custom_padding=\u00a0\u00bb8%|0px|40%|0px|false|false\u00a0\u00bb custom_padding_tablet=\u00a0\u00bb320px|0px|0px|0px\u00a0\u00bb next_background_color=\u00a0\u00bb#ffffff\u00a0\u00bb][et_pb_row admin_label=\u00a0\u00bbHeader Row\u00a0\u00bb _builder_version=\u00a0\u00bb3.0.100&Prime;][et_pb_column type=\u00a0\u00bb4_4&Prime;][et_pb_text _builder_version=\u00a0\u00bb3.9&Prime; text_font=\u00a0\u00bbOpen Sans|600|||||||\u00a0\u00bb text_font_size=\u00a0\u00bb16px\u00a0\u00bb text_line_height=\u00a0\u00bb1.8em\u00a0\u00bb header_font=\u00a0\u00bbOswald|||on|||||\u00a0\u00bb header_font_size=\u00a0\u00bb60px\u00a0\u00bb header_letter_spacing=\u00a0\u00bb5px\u00a0\u00bb header_line_height=\u00a0\u00bb1.4em\u00a0\u00bb text_orientation=\u00a0\u00bbcenter\u00a0\u00bb max_width=\u00a0\u00bb700px\u00a0\u00bb module_alignment=\u00a0\u00bbcenter\u00a0\u00bb animation_style=\u00a0\u00bbfade\u00a0\u00bb]<\/p>\n<h1>Le blog \u00e9v\u00e9nementiel<\/h1>\n<p>Sur ce blog \u00e9v\u00e9nementiel, retrouvez toute l&rsquo;actualit\u00e9 sur l&rsquo;\u00e9v\u00e9nementiel et de nombreux conseils destin\u00e9s \u00e0 faire gagner du temps aux organisateurs d&rsquo;\u00e9v\u00e9nements.<\/p>\n<p>[\/et_pb_text][\/et_pb_column][\/et_pb_row][\/et_pb_section][et_pb_section bb_built=\u00a0\u00bb1&Prime; admin_label=\u00a0\u00bbProducts Section\u00a0\u00bb _builder_version=\u00a0\u00bb3.0.93&Prime; custom_padding=\u00a0\u00bb120px|0px|120px|0px\u00a0\u00bb prev_background_color=\u00a0\u00bb#000000&Prime; next_background_color=\u00a0\u00bb#F7F7F7&Prime;][et_pb_row admin_label=\u00a0\u00bbContact Us Row\u00a0\u00bb _builder_version=\u00a0\u00bb3.9&Prime; locked=\u00a0\u00bboff\u00a0\u00bb][et_pb_column type=\u00a0\u00bb4_4&Prime;][et_pb_blog fullwidth=\u00a0\u00bboff\u00a0\u00bb show_more=\u00a0\u00bbon\u00a0\u00bb show_categories=\u00a0\u00bboff\u00a0\u00bb _builder_version=\u00a0\u00bb3.9&Prime; pagination_font_size_tablet=\u00a0\u00bb51&Prime; pagination_line_height_tablet=\u00a0\u00bb2&Prime; border_color_all=\u00a0\u00bb#969696&Prime; border_width_all_fullwidth=\u00a0\u00bb1px\u00a0\u00bb border_color_all_fullwidth=\u00a0\u00bb#b3002d\u00a0\u00bb use_border_color=\u00a0\u00bbon\u00a0\u00bb saved_tabs=\u00a0\u00bball\u00a0\u00bb]<br \/>\n[\/et_pb_blog][\/et_pb_column][\/et_pb_row][\/et_pb_section][et_pb_section bb_built=\u00a0\u00bb1&Prime; _builder_version=\u00a0\u00bb3.9&Prime; background_color=\u00a0\u00bb#F7F7F7&Prime; saved_tabs=\u00a0\u00bball\u00a0\u00bb global_module=\u00a0\u00bb2211&Prime; prev_background_color=\u00a0\u00bb#ffffff\u00a0\u00bb next_background_color=\u00a0\u00bb#000000&Prime;][et_pb_row global_parent=\u00a0\u00bb2211&Prime; custom_padding=\u00a0\u00bb0|0px|27px|0px|false|false\u00a0\u00bb _builder_version=\u00a0\u00bb3.9&Prime;][et_pb_column type=\u00a0\u00bb4_4&Prime;][et_pb_text admin_label=\u00a0\u00bbTittle &amp; Paragraph\u00a0\u00bb global_parent=\u00a0\u00bb2211&Prime; _builder_version=\u00a0\u00bb3.9&Prime; text_font=\u00a0\u00bbOpen Sans|600|||||||\u00a0\u00bb text_font_size=\u00a0\u00bb16px\u00a0\u00bb text_line_height=\u00a0\u00bb1.8em\u00a0\u00bb header_2_font=\u00a0\u00bbOswald|||on|||||\u00a0\u00bb header_2_font_size=\u00a0\u00bb45px\u00a0\u00bb header_2_letter_spacing=\u00a0\u00bb3px\u00a0\u00bb header_2_line_height=\u00a0\u00bb1.4em\u00a0\u00bb text_orientation=\u00a0\u00bbcenter\u00a0\u00bb max_width=\u00a0\u00bb700px\u00a0\u00bb module_alignment=\u00a0\u00bbcenter\u00a0\u00bb custom_margin=\u00a0\u00bb40px|||\u00a0\u00bb custom_margin_tablet=\u00a0\u00bb0px|||\u00a0\u00bb custom_margin_phone=\u00a0\u00bb|||\u00a0\u00bb custom_margin_last_edited=\u00a0\u00bbon|phone\u00a0\u00bb]<\/p>\n<h2 class=\"section-heading\">T\u00e9l\u00e9chargez notre Ebook gratuitement<\/h2>\n<p>La check list pour les organisateurs d&rsquo;\u00e9v\u00e9nements. Un m\u00e9mo complet qui vous permettra d&rsquo;organiser votre \u00e9v\u00e9nement avec succ\u00e8s !<\/p>\n<p>[\/et_pb_text][\/et_pb_column][\/et_pb_row][et_pb_row global_parent=\u00a0\u00bb2211&Prime; _builder_version=\u00a0\u00bb3.9&Prime;][et_pb_column type=\u00a0\u00bb1_2&Prime;][et_pb_contact_form admin_label=\u00a0\u00bbForm Ebook Download\u00a0\u00bb global_parent=\u00a0\u00bb2211&Prime; captcha=\u00a0\u00bboff\u00a0\u00bb use_redirect=\u00a0\u00bbon\u00a0\u00bb redirect_url=\u00a0\u00bbhttps:\/\/www.pygmento.com\/wp-content\/uploads\/2018\/09\/La-check-list-compl\u00e8te-pour-les-organisateurs-d\u00e9v\u00e9nements-1.pdf\u00a0\u00bb submit_button_text=\u00a0\u00bbT\u00e9l\u00e9charger\u00a0\u00bb form_background_color=\u00a0\u00bb#ffffff\u00a0\u00bb module_id=\u00a0\u00bbet_pb_contact_form_0&Prime; _builder_version=\u00a0\u00bb3.9&Prime; title_font=\u00a0\u00bbOpen Sans|600|||||||\u00a0\u00bb form_field_font=\u00a0\u00bbOpen Sans|600|||||||\u00a0\u00bb custom_button=\u00a0\u00bbon\u00a0\u00bb button_text_size=\u00a0\u00bb14px\u00a0\u00bb button_text_color=\u00a0\u00bb#ffffff\u00a0\u00bb button_bg_color=\u00a0\u00bb#000000&Prime; button_border_width=\u00a0\u00bb0px\u00a0\u00bb button_bg_color_hover=\u00a0\u00bbrgba(0,0,0,0.7)\u00a0\u00bb saved_tabs=\u00a0\u00bball\u00a0\u00bb email=\u00a0\u00bbcontact+ebook@pygmento.com\u00a0\u00bb custom_message=\u00a0\u00bbEbook download||et_pb_line_break_holder||Name: %%Name%%||et_pb_line_break_holder||Email: %%Email%%\u00a0\u00bb][et_pb_contact_field field_id=\u00a0\u00bbName\u00a0\u00bb field_title=\u00a0\u00bbNom\u00a0\u00bb field_background_color=\u00a0\u00bb#ffffff\u00a0\u00bb _builder_version=\u00a0\u00bb3.9&Prime; form_field_font=\u00a0\u00bb||||||||\u00a0\u00bb border_radii=\u00a0\u00bbon||||\u00a0\u00bb][\/et_pb_contact_field][et_pb_contact_field field_id=\u00a0\u00bbEmail\u00a0\u00bb field_title=\u00a0\u00bbAdresse e-mail\u00a0\u00bb field_type=\u00a0\u00bbemail\u00a0\u00bb field_background_color=\u00a0\u00bb#ffffff\u00a0\u00bb _builder_version=\u00a0\u00bb3.9&Prime; form_field_font=\u00a0\u00bb||||||||\u00a0\u00bb border_radii=\u00a0\u00bbon||||\u00a0\u00bb][\/et_pb_contact_field][\/et_pb_contact_form][\/et_pb_column][et_pb_column type=\u00a0\u00bb1_2&Prime;][et_pb_image global_parent=\u00a0\u00bb2211&Prime; src=\u00a0\u00bbhttps:\/\/www.pygmento.com\/wp-content\/uploads\/2018\/09\/memo-organisateurs-events-couvertire-ebook.jpg\u00a0\u00bb _builder_version=\u00a0\u00bb3.9&Prime; box_shadow_style=\u00a0\u00bbpreset1&Prime; max_width=\u00a0\u00bb51%\u00a0\u00bb]<br \/>\n[\/et_pb_image][\/et_pb_column][\/et_pb_row][et_pb_row global_parent=\u00a0\u00bb2211&Prime; _builder_version=\u00a0\u00bb3.9&Prime;][et_pb_column type=\u00a0\u00bb4_4&Prime;][et_pb_social_media_follow global_parent=\u00a0\u00bb2211&Prime; _builder_version=\u00a0\u00bb3.9&Prime; text_orientation=\u00a0\u00bbcenter\u00a0\u00bb custom_margin=\u00a0\u00bb|||\u00a0\u00bb custom_padding=\u00a0\u00bb|||\u00a0\u00bb mix_blend_mode=\u00a0\u00bbmultiply\u00a0\u00bb][et_pb_social_media_follow_network social_network=\u00a0\u00bbfacebook\u00a0\u00bb url=\u00a0\u00bbhttps:\/\/www.facebook.com\/pygmento\u00a0\u00bb _builder_version=\u00a0\u00bb3.9&Prime; background_color=\u00a0\u00bbrgba(160,160,160,0.8)\u00a0\u00bb border_radii=\u00a0\u00bbon|100px|100px|100px|100px\u00a0\u00bb custom_margin=\u00a0\u00bb|2%||2%\u00a0\u00bb custom_padding=\u00a0\u00bb12px|12px|12px|12px\u00a0\u00bb follow_button=\u00a0\u00bboff\u00a0\u00bb url_new_window=\u00a0\u00bbon\u00a0\u00bb]facebook[\/et_pb_social_media_follow_network][et_pb_social_media_follow_network social_network=\u00a0\u00bblinkedin\u00a0\u00bb url=\u00a0\u00bbhttps:\/\/www.linkedin.com\/company\/pygmento\/\u00a0\u00bb _builder_version=\u00a0\u00bb3.9&Prime; background_color=\u00a0\u00bbrgba(160,160,160,0.8)\u00a0\u00bb border_radii=\u00a0\u00bbon|100px|100px|100px|100px\u00a0\u00bb custom_margin=\u00a0\u00bb|2%||2%\u00a0\u00bb custom_padding=\u00a0\u00bb12px|12px|12px|12px\u00a0\u00bb follow_button=\u00a0\u00bboff\u00a0\u00bb url_new_window=\u00a0\u00bbon\u00a0\u00bb]linkedin[\/et_pb_social_media_follow_network][et_pb_social_media_follow_network social_network=\u00a0\u00bbtwitter\u00a0\u00bb url=\u00a0\u00bbhttps:\/\/twitter.com\/pygmentoFR\u00a0\u00bb _builder_version=\u00a0\u00bb3.9&Prime; background_color=\u00a0\u00bbrgba(160,160,160,0.8)\u00a0\u00bb border_radii=\u00a0\u00bbon|100px|100px|100px|100px\u00a0\u00bb custom_margin=\u00a0\u00bb|2%||2%\u00a0\u00bb custom_padding=\u00a0\u00bb12px|12px|12px|12px\u00a0\u00bb follow_button=\u00a0\u00bboff\u00a0\u00bb url_new_window=\u00a0\u00bbon\u00a0\u00bb]twitter[\/et_pb_social_media_follow_network][\/et_pb_social_media_follow][\/et_pb_column][\/et_pb_row][\/et_pb_section][et_pb_section bb_built=\u00a0\u00bb1&Prime; admin_label=\u00a0\u00bbFooter Section\u00a0\u00bb _builder_version=\u00a0\u00bb3.0.93&Prime; background_color=\u00a0\u00bb#000000&Prime; custom_padding=\u00a0\u00bb32px|0px|0|0px|false|false\u00a0\u00bb saved_tabs=\u00a0\u00bball\u00a0\u00bb prev_background_color=\u00a0\u00bb#F7F7F7&Prime; global_module=\u00a0\u00bb2082&Prime;][et_pb_row admin_label=\u00a0\u00bbFooter Row\u00a0\u00bb global_parent=\u00a0\u00bb2082&Prime; custom_padding=\u00a0\u00bb27px|0px|47px|0px|false|false\u00a0\u00bb _builder_version=\u00a0\u00bb3.9&Prime;][et_pb_column type=\u00a0\u00bb1_3&Prime;][et_pb_text global_parent=\u00a0\u00bb2082&Prime; _builder_version=\u00a0\u00bb3.9&Prime; text_font=\u00a0\u00bbOswald|300||on|||||\u00a0\u00bb text_text_color=\u00a0\u00bb#ffffff\u00a0\u00bb text_letter_spacing=\u00a0\u00bb4px\u00a0\u00bb text_line_height=\u00a0\u00bb1.9em\u00a0\u00bb header_font=\u00a0\u00bbOswald|600||on|||||\u00a0\u00bb header_text_color=\u00a0\u00bb#ffffff\u00a0\u00bb header_font_size=\u00a0\u00bb36px\u00a0\u00bb header_letter_spacing=\u00a0\u00bb5px\u00a0\u00bb header_2_font=\u00a0\u00bb||||||||\u00a0\u00bb header_3_font=\u00a0\u00bb||||||||\u00a0\u00bb]<\/p>\n<h1>PYGMENTO<\/h1>\n<p>BADGES EN LIGNE<\/p>\n<p>[\/et_pb_text][\/et_pb_column][et_pb_column type=\u00a0\u00bb1_3&Prime;][et_pb_text admin_label=\u00a0\u00bbLinks\u00a0\u00bb global_parent=\u00a0\u00bb2082&Prime; _builder_version=\u00a0\u00bb3.0.99&Prime; text_font=\u00a0\u00bbOpen Sans|600|||||||\u00a0\u00bb text_text_color=\u00a0\u00bb#ffffff\u00a0\u00bb text_line_height=\u00a0\u00bb1.4em\u00a0\u00bb text_line_height_last_edited=\u00a0\u00bboff|desktop\u00a0\u00bb link_font=\u00a0\u00bbOpen Sans|600|||||||\u00a0\u00bb link_text_color=\u00a0\u00bb#ffffff\u00a0\u00bb link_line_height=\u00a0\u00bb2.5em\u00a0\u00bb header_font=\u00a0\u00bb||||||||\u00a0\u00bb header_2_font=\u00a0\u00bb||||||||\u00a0\u00bb header_3_font=\u00a0\u00bb||||||||\u00a0\u00bb header_6_font=\u00a0\u00bbOswald|500||on|||||\u00a0\u00bb header_6_text_color=\u00a0\u00bbrgba(255,255,255,0.4)\u00a0\u00bb header_6_letter_spacing=\u00a0\u00bb2px\u00a0\u00bb header_6_line_height=\u00a0\u00bb1.7em\u00a0\u00bb background_layout=\u00a0\u00bbdark\u00a0\u00bb module_alignment=\u00a0\u00bbcenter\u00a0\u00bb custom_margin=\u00a0\u00bb|||\u00a0\u00bb custom_margin_tablet=\u00a0\u00bb0px|||\u00a0\u00bb custom_margin_phone=\u00a0\u00bb|||\u00a0\u00bb custom_margin_last_edited=\u00a0\u00bboff|desktop\u00a0\u00bb]<\/p>\n<h6>Si\u00e8ge<\/h6>\n<p>Rue de la Vistule 75013, Paris<\/p>\n<p>[\/et_pb_text][et_pb_text admin_label=\u00a0\u00bbLinks\u00a0\u00bb global_parent=\u00a0\u00bb2082&Prime; _builder_version=\u00a0\u00bb3.0.99&Prime; text_font=\u00a0\u00bbOpen Sans|600|||||||\u00a0\u00bb text_text_color=\u00a0\u00bb#ffffff\u00a0\u00bb text_line_height=\u00a0\u00bb1.4em\u00a0\u00bb text_line_height_last_edited=\u00a0\u00bboff|desktop\u00a0\u00bb link_font=\u00a0\u00bbOpen Sans|600|||||||\u00a0\u00bb link_text_color=\u00a0\u00bb#ffffff\u00a0\u00bb link_line_height=\u00a0\u00bb2.5em\u00a0\u00bb header_font=\u00a0\u00bb||||||||\u00a0\u00bb header_2_font=\u00a0\u00bb||||||||\u00a0\u00bb header_3_font=\u00a0\u00bb||||||||\u00a0\u00bb header_6_font=\u00a0\u00bbOswald|500||on|||||\u00a0\u00bb header_6_text_color=\u00a0\u00bbrgba(255,255,255,0.4)\u00a0\u00bb header_6_letter_spacing=\u00a0\u00bb2px\u00a0\u00bb header_6_line_height=\u00a0\u00bb1.7em\u00a0\u00bb background_layout=\u00a0\u00bbdark\u00a0\u00bb module_alignment=\u00a0\u00bbcenter\u00a0\u00bb custom_margin=\u00a0\u00bb|||\u00a0\u00bb custom_margin_tablet=\u00a0\u00bb0px|||\u00a0\u00bb custom_margin_phone=\u00a0\u00bb|||\u00a0\u00bb custom_margin_last_edited=\u00a0\u00bboff|desktop\u00a0\u00bb]<\/p>\n<h6>Contact<\/h6>\n<p>contact@pygmento.com<\/p>\n<p>[\/et_pb_text][\/et_pb_column][et_pb_column type=\u00a0\u00bb1_3&Prime;][et_pb_text admin_label=\u00a0\u00bbLinks\u00a0\u00bb global_parent=\u00a0\u00bb2082&Prime; _builder_version=\u00a0\u00bb3.9&Prime; text_font=\u00a0\u00bbOpen Sans|600|||||||\u00a0\u00bb text_text_color=\u00a0\u00bb#ffffff\u00a0\u00bb text_line_height=\u00a0\u00bb1em\u00a0\u00bb text_line_height_last_edited=\u00a0\u00bboff|desktop\u00a0\u00bb link_font=\u00a0\u00bbOpen Sans|600|||||||\u00a0\u00bb link_text_color=\u00a0\u00bb#ffffff\u00a0\u00bb link_line_height=\u00a0\u00bb2.5em\u00a0\u00bb header_font=\u00a0\u00bb||||||||\u00a0\u00bb header_2_font=\u00a0\u00bb||||||||\u00a0\u00bb header_3_font=\u00a0\u00bb||||||||\u00a0\u00bb header_6_font=\u00a0\u00bbOswald|500||on|||||\u00a0\u00bb header_6_text_color=\u00a0\u00bbrgba(255,255,255,0.4)\u00a0\u00bb header_6_letter_spacing=\u00a0\u00bb2px\u00a0\u00bb header_6_line_height=\u00a0\u00bb1.7em\u00a0\u00bb background_layout=\u00a0\u00bbdark\u00a0\u00bb module_alignment=\u00a0\u00bbcenter\u00a0\u00bb custom_margin=\u00a0\u00bb|||\u00a0\u00bb custom_margin_tablet=\u00a0\u00bb0px|||\u00a0\u00bb custom_margin_phone=\u00a0\u00bb|||\u00a0\u00bb custom_margin_last_edited=\u00a0\u00bboff|desktop\u00a0\u00bb]<\/p>\n<h6>partenaires<\/h6>\n<p><a title=\"Notre partenaire Weezevent\" href=\"https:\/\/www.pygmento.com\/fr\/notre-partenaire-weezevent-billleterie-en-ligne\/\" target=\"_blank\" rel=\"noopener noreferrer\">Weezevent<\/a><\/p>\n<p><a style=\"font-size: 14px;\" title=\"Universe\" href=\"https:\/\/www.pygmento.com\/fr\/notre-partenaire-universe-billleterie-en-ligne\/\">Universe<\/a><\/p>\n<p>[\/et_pb_text][\/et_pb_column][\/et_pb_row][\/et_pb_section]<\/p>\n","protected":false},"excerpt":{"rendered":"<p>Le blog \u00e9v\u00e9nementiel Sur ce blog \u00e9v\u00e9nementiel, retrouvez toute l&rsquo;actualit\u00e9 sur l&rsquo;\u00e9v\u00e9nementiel et de nombreux conseils destin\u00e9s \u00e0 faire gagner du temps aux organisateurs d&rsquo;\u00e9v\u00e9nements. T\u00e9l\u00e9chargez notre Ebook gratuitement La check list pour les organisateurs d&rsquo;\u00e9v\u00e9nements. Un m\u00e9mo complet qui vous permettra d&rsquo;organiser votre \u00e9v\u00e9nement avec succ\u00e8s ! PYGMENTO BADGES EN LIGNE Si\u00e8ge Rue de [&hellip;]<\/p>\n","protected":false},"author":3,"featured_media":0,"parent":0,"menu_order":0,"comment_status":"closed","ping_status":"closed","template":"","meta":{"_et_pb_use_builder":"on","_et_pb_old_content":"","_et_gb_content_width":"","footnotes":""},"_links":{"self":[{"href":"https:\/\/www.pygmento.com\/fr\/wp-json\/wp\/v2\/pages\/1611"}],"collection":[{"href":"https:\/\/www.pygmento.com\/fr\/wp-json\/wp\/v2\/pages"}],"about":[{"href":"https:\/\/www.pygmento.com\/fr\/wp-json\/wp\/v2\/types\/page"}],"author":[{"embeddable":true,"href":"https:\/\/www.pygmento.com\/fr\/wp-json\/wp\/v2\/users\/3"}],"replies":[{"embeddable":true,"href":"https:\/\/www.pygmento.com\/fr\/wp-json\/wp\/v2\/comments?post=1611"}],"version-history":[{"count":14,"href":"https:\/\/www.pygmento.com\/fr\/wp-json\/wp\/v2\/pages\/1611\/revisions"}],"predecessor-version":[{"id":2239,"href":"https:\/\/www.pygmento.com\/fr\/wp-json\/wp\/v2\/pages\/1611\/revisions\/2239"}],"wp:attachment":[{"href":"https:\/\/www.pygmento.com\/fr\/wp-json\/wp\/v2\/media?parent=1611"}],"curies":[{"name":"wp","href":"https:\/\/api.w.org\/{rel}","templated":true}]}}