{"id":2316,"date":"2018-12-21T09:11:49","date_gmt":"2018-12-21T08:11:49","guid":{"rendered":"https:\/\/www.pygmento.com\/?page_id=2316"},"modified":"2018-12-21T14:16:29","modified_gmt":"2018-12-21T13:16:29","slug":"badges-professionnels","status":"publish","type":"page","link":"https:\/\/www.pygmento.com\/fr\/badges-professionnels\/","title":{"rendered":"Badges  Professionnels"},"content":{"rendered":"<p>[et_pb_section fb_built=\u00a0\u00bb1&Prime; _builder_version=\u00a0\u00bb3.0.47&Prime;][et_pb_row _builder_version=\u00a0\u00bb3.0.48&Prime; background_size=\u00a0\u00bbinitial\u00a0\u00bb background_position=\u00a0\u00bbtop_left\u00a0\u00bb background_repeat=\u00a0\u00bbrepeat\u00a0\u00bb][et_pb_column type=\u00a0\u00bb4_4&Prime; _builder_version=\u00a0\u00bb3.0.47&Prime; parallax=\u00a0\u00bboff\u00a0\u00bb parallax_method=\u00a0\u00bbon\u00a0\u00bb][et_pb_text _builder_version=\u00a0\u00bb3.18.4&Prime;]<\/p>\n<h1>Badge Professionnel<\/h1>\n<p>D\u00e9couvrez notre gamme de badges professionnels convenant parfaitement \u00e0 tout types d&rsquo;\u00e9v\u00e9nements : conf\u00e9rences, conventions, cocktails, s\u00e9minaires ou encore hackathons. Remettez un badge nominatif \u00e0 chacun de vos participant pour faciliter les interactions et laisser un souvenir inoubliable. Utilisez l&rsquo;\u00e9diteur en ligne Pygmento pour personnaliser vos badges en ligne en quelques clics.<\/p>\n<h2>Badge Professionnel grand format<\/h2>\n<p>Pour vous d\u00e9marquer, commandez nos <a href=\"https:\/\/www.pygmento.com\/fr\/badge-large-professionnel\/\">badges larges professionnels<\/a>. Leur grand format vous permettra d&rsquo;afficher toutes les informations pertinentes : nom, pr\u00e9nom, soci\u00e9t\u00e9, sponsors de l&rsquo;\u00e9v\u00e9nement, programme, etc. Ces badges plastifi\u00e9 b\u00e9n\u00e9ficient d&rsquo;une finition exceptionnelle et conviennent parfaitement aux \u00e9v\u00e9nements de quelques jours. Avec <a href=\"https:\/\/www.pygmento.com\/fr\/\">Pygmento<\/a> personnalisez vos badges professionnels en quelques clics, commandez en ligne et recevez-les en 3 jours. Retrouvez plus d&rsquo;informations sur ce format en suivant ce <a href=\"https:\/\/www.pygmento.com\/fr\/badge-large-professionnel\/\">lien<\/a>.<\/p>\n<div id=\"attachment_1324\" style=\"width: 1009px\" class=\"wp-caption aligncenter\"><a href=\"https:\/\/www.pygmento.com\/fr\/badge-large-professionnel\/\"><img decoding=\"async\" loading=\"lazy\" aria-describedby=\"caption-attachment-1324\" class=\"wp-image-1324\" title=\"badge professionnel plastique large - business booster\" src=\"https:\/\/www.pygmento.com\/wp-content\/uploads\/2018\/07\/businessbooster-2018-lyon-badge-pygmento.jpg\" alt=\"badge professionnel plastique large - business booster\" width=\"999\" height=\"738\" \/><\/a><p id=\"caption-attachment-1324\" class=\"wp-caption-text\">badge professionnel plastique large &#8211; business booster<\/p><\/div>\n<h2>Badge Professionnel format CB<\/h2>\n<p>Pour les budgets plus serr\u00e9s, optez pour nos <a href=\"https:\/\/www.pygmento.com\/fr\/badge-conference-cb-pro\/\">badges CB<\/a>. Mettez en avant les informations essentielles : nom, pr\u00e9nom, logo de l&rsquo;\u00e9v\u00e9nement. La plateforme en ligne <a href=\"https:\/\/www.pygmento.com\/fr\/\">Pygmento<\/a> vous permettra de personnaliser et commander vos badges professionnels en ligne en quelques minutes. Une fois command\u00e9s les badges sont re\u00e7us en 3 jours. Ces badges PVC sont pas cher et conviennent aux \u00e9v\u00e9nement de quelques jours \u00e0 plusieurs mois. Retrouvez la description de ce format <a href=\"https:\/\/www.pygmento.com\/fr\/badge-conference-cb-pro\/\">ici<\/a>.<\/p>\n<div id=\"attachment_2364\" style=\"width: 710px\" class=\"wp-caption aligncenter\"><a href=\"https:\/\/www.pygmento.com\/fr\/badge-conference-cb-pro\/\"><img decoding=\"async\" loading=\"lazy\" aria-describedby=\"caption-attachment-2364\" class=\"wp-image-2364 size-full\" title=\"badge professionnel plastique cb - salon automobile\" src=\"https:\/\/www.pygmento.com\/wp-content\/uploads\/2018\/12\/badge-plastique-pvc-cb.jpg\" alt=\"badge professionnel plastique cb - salon automobile\" width=\"700\" height=\"700\" \/><\/a><p id=\"caption-attachment-2364\" class=\"wp-caption-text\">badge professionnel plastique cb &#8211; salon automobile<\/p><\/div>\n<p>&nbsp;<\/p>\n<h2>Pygmento<\/h2>\n<p>Pygmento est une plateforme de personnalisation et commande de badges en ligne. Personnalisez votre badge pour conf\u00e9rence, commandez vos badges et vos tours de cou, et recevez votre commande en quelques jours. Pygmento est sp\u00e9cialis\u00e9 dans l&rsquo;\u00e9v\u00e9nementiel et poss\u00e8de des partenariats avec des billetteries telles que <a href=\"https:\/\/www.weezevent.com\" target=\"_blank\" rel=\"noopener\">Weezevent<\/a>, <a href=\"https:\/\/www.universe.com\/\" target=\"_blank\" rel=\"noopener\">Universe<\/a> ou <a href=\"https:\/\/www.eventbrite.com\/\" target=\"_blank\" rel=\"noopener\">Eventbrite<\/a> pour vous simplifier la t\u00e2che.<\/p>\n<p>[\/et_pb_text][\/et_pb_column][\/et_pb_row][\/et_pb_section][et_pb_section fb_built=\u00a0\u00bb1&Prime; admin_label=\u00a0\u00bbFooter Section\u00a0\u00bb _builder_version=\u00a0\u00bb3.0.93&Prime; background_color=\u00a0\u00bb#000000&Prime; custom_padding=\u00a0\u00bb32px|0px|0|0px|false|false\u00a0\u00bb global_module=\u00a0\u00bb2082&Prime; saved_tabs=\u00a0\u00bball\u00a0\u00bb][et_pb_row custom_padding=\u00a0\u00bb27px|0px|47px|0px|false|false\u00a0\u00bb admin_label=\u00a0\u00bbFooter Row\u00a0\u00bb _builder_version=\u00a0\u00bb3.18.4&Prime;][et_pb_column type=\u00a0\u00bb1_4&Prime; _builder_version=\u00a0\u00bb3.0.47&Prime; parallax=\u00a0\u00bboff\u00a0\u00bb parallax_method=\u00a0\u00bbon\u00a0\u00bb][et_pb_text admin_label=\u00a0\u00bbLogo\u00a0\u00bb _builder_version=\u00a0\u00bb3.18.4&Prime; text_font=\u00a0\u00bbOswald|300||on|||||\u00a0\u00bb text_text_color=\u00a0\u00bb#ffffff\u00a0\u00bb text_letter_spacing=\u00a0\u00bb4px\u00a0\u00bb text_line_height=\u00a0\u00bb1.9em\u00a0\u00bb header_font=\u00a0\u00bbOswald|600||on|||||\u00a0\u00bb header_text_color=\u00a0\u00bb#ffffff\u00a0\u00bb header_font_size=\u00a0\u00bb36px\u00a0\u00bb header_letter_spacing=\u00a0\u00bb5px\u00a0\u00bb]<\/p>\n<p>\u00a0<\/p>\n<h1>PYGMENTO<\/h1>\n<p>BADGES \u00c9V\u00c9NEMENTIELS<\/p>\n<p>\u00a0<\/p>\n<p>[\/et_pb_text][\/et_pb_column][et_pb_column type=\u00a0\u00bb1_4&Prime; _builder_version=\u00a0\u00bb3.0.47&Prime; parallax=\u00a0\u00bboff\u00a0\u00bb parallax_method=\u00a0\u00bbon\u00a0\u00bb][et_pb_text admin_label=\u00a0\u00bbContact\u00a0\u00bb _builder_version=\u00a0\u00bb3.18.4&Prime; text_font=\u00a0\u00bbOpen Sans|600|||||||\u00a0\u00bb text_text_color=\u00a0\u00bb#ffffff\u00a0\u00bb text_line_height=\u00a0\u00bb1.4em\u00a0\u00bb text_line_height_last_edited=\u00a0\u00bboff|desktop\u00a0\u00bb link_font=\u00a0\u00bbOpen Sans|600|||||||\u00a0\u00bb link_text_color=\u00a0\u00bb#ffffff\u00a0\u00bb link_line_height=\u00a0\u00bb2.5em\u00a0\u00bb header_6_font=\u00a0\u00bbOswald|500||on|||||\u00a0\u00bb header_6_text_color=\u00a0\u00bbrgba(255,255,255,0.4)\u00a0\u00bb header_6_letter_spacing=\u00a0\u00bb2px\u00a0\u00bb header_6_line_height=\u00a0\u00bb1.7em\u00a0\u00bb background_layout=\u00a0\u00bbdark\u00a0\u00bb module_alignment=\u00a0\u00bbcenter\u00a0\u00bb custom_margin=\u00a0\u00bb|||\u00a0\u00bb custom_margin_tablet=\u00a0\u00bb0px|||\u00a0\u00bb custom_margin_phone=\u00a0\u00bb|||\u00a0\u00bb custom_margin_last_edited=\u00a0\u00bboff|desktop\u00a0\u00bb]<\/p>\n<p>&nbsp;<\/p>\n<h6>Contact<\/h6>\n<p>contact@pygmento.com<\/p>\n<h6>Si\u00e8ge<\/h6>\n<p>Rue de la Vistule 75013, Paris<\/p>\n<p>&nbsp;<\/p>\n<p>[\/et_pb_text][\/et_pb_column][et_pb_column type=\u00a0\u00bb1_4&Prime; _builder_version=\u00a0\u00bb3.0.47&Prime; parallax=\u00a0\u00bboff\u00a0\u00bb parallax_method=\u00a0\u00bbon\u00a0\u00bb][et_pb_text admin_label=\u00a0\u00bbPartners\u00a0\u00bb _builder_version=\u00a0\u00bb3.18.4&Prime; text_font=\u00a0\u00bbOpen Sans|600|||||||\u00a0\u00bb text_text_color=\u00a0\u00bb#ffffff\u00a0\u00bb text_line_height=\u00a0\u00bb1em\u00a0\u00bb text_line_height_last_edited=\u00a0\u00bboff|desktop\u00a0\u00bb link_font=\u00a0\u00bbOpen Sans|600|||||||\u00a0\u00bb link_text_color=\u00a0\u00bb#ffffff\u00a0\u00bb link_line_height=\u00a0\u00bb2.5em\u00a0\u00bb header_6_font=\u00a0\u00bbOswald|500||on|||||\u00a0\u00bb header_6_text_color=\u00a0\u00bbrgba(255,255,255,0.4)\u00a0\u00bb header_6_letter_spacing=\u00a0\u00bb2px\u00a0\u00bb header_6_line_height=\u00a0\u00bb1.7em\u00a0\u00bb background_layout=\u00a0\u00bbdark\u00a0\u00bb module_alignment=\u00a0\u00bbcenter\u00a0\u00bb custom_margin=\u00a0\u00bb|||\u00a0\u00bb custom_margin_tablet=\u00a0\u00bb0px|||\u00a0\u00bb custom_margin_phone=\u00a0\u00bb|||\u00a0\u00bb custom_margin_last_edited=\u00a0\u00bboff|desktop\u00a0\u00bb]<\/p>\n<p>\u00a0<\/p>\n<h6>partenaires<\/h6>\n<p><a title=\"Notre partenaire Weezevent\" href=\"https:\/\/www.pygmento.com\/fr\/notre-partenaire-weezevent-billleterie-en-ligne\/\" target=\"_blank\" rel=\"noopener noreferrer\">Weezevent<\/a><\/p>\n<p><a style=\"font-size: 14px;\" title=\"Universe\" href=\"https:\/\/www.pygmento.com\/fr\/notre-partenaire-universe-billleterie-en-ligne\/\">Universe<\/a><\/p>\n<p>\u00a0<\/p>\n<p>[\/et_pb_text][\/et_pb_column][et_pb_column type=\u00a0\u00bb1_4&Prime; _builder_version=\u00a0\u00bb3.0.47&Prime; parallax=\u00a0\u00bboff\u00a0\u00bb parallax_method=\u00a0\u00bbon\u00a0\u00bb][et_pb_text admin_label=\u00a0\u00bbLinks\u00a0\u00bb _builder_version=\u00a0\u00bb3.18.4&Prime; text_font=\u00a0\u00bbOpen Sans|600|||||||\u00a0\u00bb text_text_color=\u00a0\u00bb#ffffff\u00a0\u00bb text_line_height=\u00a0\u00bb1em\u00a0\u00bb text_line_height_last_edited=\u00a0\u00bboff|desktop\u00a0\u00bb link_font=\u00a0\u00bbOpen Sans|600|||||||\u00a0\u00bb link_text_color=\u00a0\u00bb#ffffff\u00a0\u00bb link_line_height=\u00a0\u00bb2.5em\u00a0\u00bb header_6_font=\u00a0\u00bbOswald|500||on|||||\u00a0\u00bb header_6_text_color=\u00a0\u00bbrgba(255,255,255,0.4)\u00a0\u00bb header_6_letter_spacing=\u00a0\u00bb2px\u00a0\u00bb header_6_line_height=\u00a0\u00bb1.7em\u00a0\u00bb background_layout=\u00a0\u00bbdark\u00a0\u00bb module_alignment=\u00a0\u00bbcenter\u00a0\u00bb custom_margin=\u00a0\u00bb|||\u00a0\u00bb custom_margin_tablet=\u00a0\u00bb0px|||\u00a0\u00bb custom_margin_phone=\u00a0\u00bb|||\u00a0\u00bb custom_margin_last_edited=\u00a0\u00bboff|desktop\u00a0\u00bb]<\/p>\n<p>\u00a0<\/p>\n<h6>Liens<\/h6>\n<p><a href=\"https:\/\/www.pygmento.com\/fr\/badges-professionnels\/\">Badges Professionnels<\/a><\/p>\n<p>[\/et_pb_text][\/et_pb_column][\/et_pb_row][\/et_pb_section]<\/p>\n","protected":false},"excerpt":{"rendered":"<p>Catalogue de badges professionnels nominatifs. Badgez vos participants avec un badge professionnel. Personnalisable en ligne en moins de 2 minutes.<\/p>\n","protected":false},"author":1,"featured_media":0,"parent":0,"menu_order":0,"comment_status":"closed","ping_status":"closed","template":"","meta":{"_et_pb_use_builder":"on","_et_pb_old_content":"","_et_gb_content_width":"","footnotes":""},"_links":{"self":[{"href":"https:\/\/www.pygmento.com\/fr\/wp-json\/wp\/v2\/pages\/2316"}],"collection":[{"href":"https:\/\/www.pygmento.com\/fr\/wp-json\/wp\/v2\/pages"}],"about":[{"href":"https:\/\/www.pygmento.com\/fr\/wp-json\/wp\/v2\/types\/page"}],"author":[{"embeddable":true,"href":"https:\/\/www.pygmento.com\/fr\/wp-json\/wp\/v2\/users\/1"}],"replies":[{"embeddable":true,"href":"https:\/\/www.pygmento.com\/fr\/wp-json\/wp\/v2\/comments?post=2316"}],"version-history":[{"count":13,"href":"https:\/\/www.pygmento.com\/fr\/wp-json\/wp\/v2\/pages\/2316\/revisions"}],"predecessor-version":[{"id":2388,"href":"https:\/\/www.pygmento.com\/fr\/wp-json\/wp\/v2\/pages\/2316\/revisions\/2388"}],"wp:attachment":[{"href":"https:\/\/www.pygmento.com\/fr\/wp-json\/wp\/v2\/media?parent=2316"}],"curies":[{"name":"wp","href":"https:\/\/api.w.org\/{rel}","templated":true}]}}