{"id":2559,"date":"2019-02-20T10:13:13","date_gmt":"2019-02-20T09:13:13","guid":{"rendered":"https:\/\/www.pygmento.com\/?page_id=2559"},"modified":"2019-02-20T10:22:13","modified_gmt":"2019-02-20T09:22:13","slug":"mentions-legales","status":"publish","type":"page","link":"https:\/\/www.pygmento.com\/fr\/mentions-legales\/","title":{"rendered":"Mentions l\u00e9gales"},"content":{"rendered":"<p>[et_pb_section fb_built=\u00a0\u00bb1&Prime; _builder_version=\u00a0\u00bb3.0.47&Prime;][et_pb_row _builder_version=\u00a0\u00bb3.0.48&Prime; background_size=\u00a0\u00bbinitial\u00a0\u00bb background_position=\u00a0\u00bbtop_left\u00a0\u00bb background_repeat=\u00a0\u00bbrepeat\u00a0\u00bb][et_pb_column type=\u00a0\u00bb4_4&Prime; _builder_version=\u00a0\u00bb3.0.47&Prime; parallax=\u00a0\u00bboff\u00a0\u00bb parallax_method=\u00a0\u00bbon\u00a0\u00bb][et_pb_text _builder_version=\u00a0\u00bb3.18.4&Prime; background_size=\u00a0\u00bbinitial\u00a0\u00bb background_position=\u00a0\u00bbtop_left\u00a0\u00bb background_repeat=\u00a0\u00bbrepeat\u00a0\u00bb]<\/p>\n<h1>Mentions L\u00e9gales<\/h1>\n<p>L\u2019acc\u00e8s et l\u2019utilisation du site pygmento.com sont soumis aux pr\u00e9sentes mentions l\u00e9gales d\u00e9taill\u00e9es ci-apr\u00e8s ainsi qu\u2019aux lois et\/ou r\u00e8glements applicables.<\/p>\n<h6><strong>Informations l\u00e9gales<\/strong><\/h6>\n<p>Pygmento.com est \u00e9dit\u00e9 par la soci\u00e9t\u00e9 <a href=\"https:\/\/www.nanxia.fr\" target=\"_blank\" title=\"NANXIA\">NANXIA<\/a>, Soci\u00e9t\u00e9 par actions simplifi\u00e9e \u00e0 associ\u00e9 unique au capital de 2 000 euros, dont le si\u00e8ge social est situ\u00e9 19, rue de la Vistule, 75 013 Paris, France, immatricul\u00e9e au Registre du commerce et des soci\u00e9t\u00e9s de Paris sous le num\u00e9ro 832 517 924.<\/p>\n<p>Le site pygmento.com est h\u00e9berg\u00e9 par la soci\u00e9t\u00e9 Amazon Web Services (AWS) dont le si\u00e8ge social est situ\u00e9 : P.O. Box 81226,\u00a0Seattle, WA 98108-1226 aux Etats-Unis.<\/p>\n<h6><strong>Informations techniques<\/strong><\/h6>\n<p>En tant qu\u2019utilisateur du site pygmento.com, vous attestez avoir la comp\u00e9tence et les outils n\u00e9cessaires pour utiliser ce site, que nous\u00a0nous effor\u00e7ons de rendre accessible 24h\/24 et 7j\/7 sauf en cas de force majeure.<\/p>\n<h6><strong>Propri\u00e9t\u00e9 intellectuelle<\/strong><\/h6>\n<p>Les marques et les logos de Pygmento figurant sur ce site sont d\u00e9pos\u00e9s par la soci\u00e9t\u00e9 NANXIA ou par des tiers. Toute reproduction ou repr\u00e9sentation totale ou partielle, seules ou int\u00e9gr\u00e9es \u00e0 d\u2019autres \u00e9l\u00e9ments, sans l\u2019autorisation \u00e9crite, expresse et pr\u00e9alable de Pygmento, en est strictement interdite. La structure g\u00e9n\u00e9rale, des textes, images, vid\u00e9os, logiciels sons, animations, et plus g\u00e9n\u00e9ralement toutes les informations et contenus figurant sur le site pygmento.fr, sont la propri\u00e9t\u00e9 exclusive de Pygmento ou font l\u2019objet d\u2019un droit d\u2019utilisation ou d\u2019exploitation. Ces \u00e9l\u00e9ments sont soumis \u00e0 la l\u00e9gislation prot\u00e9geant le droit d\u2019auteur.<\/p>\n<h6><strong>Loi applicable<\/strong><\/h6>\n<p>Le pr\u00e9sent Site est r\u00e9gi par les lois fran\u00e7aises.[\/et_pb_text][\/et_pb_column][\/et_pb_row][\/et_pb_section][et_pb_section fb_built=\u00a0\u00bb1&Prime; admin_label=\u00a0\u00bbFooter Section\u00a0\u00bb _builder_version=\u00a0\u00bb3.0.93&Prime; background_color=\u00a0\u00bb#000000&Prime; custom_padding=\u00a0\u00bb32px|0px|0|0px|false|false\u00a0\u00bb global_module=\u00a0\u00bb2082&Prime; saved_tabs=\u00a0\u00bball\u00a0\u00bb][et_pb_row custom_padding=\u00a0\u00bb27px|0px|47px|0px|false|false\u00a0\u00bb admin_label=\u00a0\u00bbFooter Row\u00a0\u00bb _builder_version=\u00a0\u00bb3.18.4&Prime;][et_pb_column type=\u00a0\u00bb1_4&Prime; _builder_version=\u00a0\u00bb3.0.47&Prime; parallax=\u00a0\u00bboff\u00a0\u00bb parallax_method=\u00a0\u00bbon\u00a0\u00bb][et_pb_text admin_label=\u00a0\u00bbLogo\u00a0\u00bb _builder_version=\u00a0\u00bb3.18.4&Prime; text_font=\u00a0\u00bbOswald|300||on|||||\u00a0\u00bb text_text_color=\u00a0\u00bb#ffffff\u00a0\u00bb text_letter_spacing=\u00a0\u00bb4px\u00a0\u00bb text_line_height=\u00a0\u00bb1.9em\u00a0\u00bb header_font=\u00a0\u00bbOswald|600||on|||||\u00a0\u00bb header_text_color=\u00a0\u00bb#ffffff\u00a0\u00bb header_font_size=\u00a0\u00bb36px\u00a0\u00bb header_letter_spacing=\u00a0\u00bb5px\u00a0\u00bb]<\/p>\n<p>\u00a0<\/p>\n<h1>PYGMENTO<\/h1>\n<p>BADGES \u00c9V\u00c9NEMENTIELS<\/p>\n<p>\u00a0<\/p>\n<p>[\/et_pb_text][\/et_pb_column][et_pb_column type=\u00a0\u00bb1_4&Prime; _builder_version=\u00a0\u00bb3.0.47&Prime; parallax=\u00a0\u00bboff\u00a0\u00bb parallax_method=\u00a0\u00bbon\u00a0\u00bb][et_pb_text admin_label=\u00a0\u00bbContact\u00a0\u00bb _builder_version=\u00a0\u00bb3.18.4&Prime; text_font=\u00a0\u00bbOpen Sans|600|||||||\u00a0\u00bb text_text_color=\u00a0\u00bb#ffffff\u00a0\u00bb text_line_height=\u00a0\u00bb1.4em\u00a0\u00bb text_line_height_last_edited=\u00a0\u00bboff|desktop\u00a0\u00bb link_font=\u00a0\u00bbOpen Sans|600|||||||\u00a0\u00bb link_text_color=\u00a0\u00bb#ffffff\u00a0\u00bb link_line_height=\u00a0\u00bb2.5em\u00a0\u00bb header_6_font=\u00a0\u00bbOswald|500||on|||||\u00a0\u00bb header_6_text_color=\u00a0\u00bbrgba(255,255,255,0.4)\u00a0\u00bb header_6_letter_spacing=\u00a0\u00bb2px\u00a0\u00bb header_6_line_height=\u00a0\u00bb1.7em\u00a0\u00bb background_layout=\u00a0\u00bbdark\u00a0\u00bb module_alignment=\u00a0\u00bbcenter\u00a0\u00bb custom_margin=\u00a0\u00bb|||\u00a0\u00bb custom_margin_tablet=\u00a0\u00bb0px|||\u00a0\u00bb custom_margin_phone=\u00a0\u00bb|||\u00a0\u00bb custom_margin_last_edited=\u00a0\u00bboff|desktop\u00a0\u00bb]<\/p>\n<p>&nbsp;<\/p>\n<h6>Contact<\/h6>\n<p>contact@pygmento.com<\/p>\n<h6>Si\u00e8ge<\/h6>\n<p>Rue de la Vistule 75013, Paris<\/p>\n<h6>Site<\/h6>\n<p><a href=\"https:\/\/www.pygmento.com\/fr\/mentions-legales\/\">Mentions l\u00e9gales<\/a><\/p>\n<p>[\/et_pb_text][\/et_pb_column][et_pb_column type=\u00a0\u00bb1_4&Prime; _builder_version=\u00a0\u00bb3.0.47&Prime; parallax=\u00a0\u00bboff\u00a0\u00bb parallax_method=\u00a0\u00bbon\u00a0\u00bb][et_pb_text admin_label=\u00a0\u00bbPartners\u00a0\u00bb _builder_version=\u00a0\u00bb3.18.4&Prime; text_font=\u00a0\u00bbOpen Sans|600|||||||\u00a0\u00bb text_text_color=\u00a0\u00bb#ffffff\u00a0\u00bb text_line_height=\u00a0\u00bb1em\u00a0\u00bb text_line_height_last_edited=\u00a0\u00bboff|desktop\u00a0\u00bb link_font=\u00a0\u00bbOpen Sans|600|||||||\u00a0\u00bb link_text_color=\u00a0\u00bb#ffffff\u00a0\u00bb link_line_height=\u00a0\u00bb2.5em\u00a0\u00bb header_6_font=\u00a0\u00bbOswald|500||on|||||\u00a0\u00bb header_6_text_color=\u00a0\u00bbrgba(255,255,255,0.4)\u00a0\u00bb header_6_letter_spacing=\u00a0\u00bb2px\u00a0\u00bb header_6_line_height=\u00a0\u00bb1.7em\u00a0\u00bb background_layout=\u00a0\u00bbdark\u00a0\u00bb module_alignment=\u00a0\u00bbcenter\u00a0\u00bb custom_margin=\u00a0\u00bb|||\u00a0\u00bb custom_margin_tablet=\u00a0\u00bb0px|||\u00a0\u00bb custom_margin_phone=\u00a0\u00bb|||\u00a0\u00bb custom_margin_last_edited=\u00a0\u00bboff|desktop\u00a0\u00bb]<\/p>\n<p>\u00a0<\/p>\n<h6>partenaires<\/h6>\n<p><a title=\"Notre partenaire Weezevent\" href=\"https:\/\/www.pygmento.com\/fr\/notre-partenaire-weezevent-billleterie-en-ligne\/\" target=\"_blank\" rel=\"noopener noreferrer\">Weezevent<\/a><\/p>\n<p><a style=\"font-size: 14px;\" title=\"Universe\" href=\"https:\/\/www.pygmento.com\/fr\/notre-partenaire-universe-billleterie-en-ligne\/\">Universe<\/a><\/p>\n<p>\u00a0<\/p>\n<p>[\/et_pb_text][\/et_pb_column][et_pb_column type=\u00a0\u00bb1_4&Prime; _builder_version=\u00a0\u00bb3.0.47&Prime; parallax=\u00a0\u00bboff\u00a0\u00bb parallax_method=\u00a0\u00bbon\u00a0\u00bb][et_pb_text admin_label=\u00a0\u00bbLinks\u00a0\u00bb _builder_version=\u00a0\u00bb3.18.4&Prime; text_font=\u00a0\u00bbOpen Sans|600|||||||\u00a0\u00bb text_text_color=\u00a0\u00bb#ffffff\u00a0\u00bb text_line_height=\u00a0\u00bb1em\u00a0\u00bb text_line_height_last_edited=\u00a0\u00bboff|desktop\u00a0\u00bb link_font=\u00a0\u00bbOpen Sans|600|||||||\u00a0\u00bb link_text_color=\u00a0\u00bb#ffffff\u00a0\u00bb link_line_height=\u00a0\u00bb2.5em\u00a0\u00bb header_6_font=\u00a0\u00bbOswald|500||on|||||\u00a0\u00bb header_6_text_color=\u00a0\u00bbrgba(255,255,255,0.4)\u00a0\u00bb header_6_letter_spacing=\u00a0\u00bb2px\u00a0\u00bb header_6_line_height=\u00a0\u00bb1.7em\u00a0\u00bb background_layout=\u00a0\u00bbdark\u00a0\u00bb module_alignment=\u00a0\u00bbcenter\u00a0\u00bb custom_margin=\u00a0\u00bb|||\u00a0\u00bb custom_margin_tablet=\u00a0\u00bb0px|||\u00a0\u00bb custom_margin_phone=\u00a0\u00bb|||\u00a0\u00bb custom_margin_last_edited=\u00a0\u00bboff|desktop\u00a0\u00bb]<\/p>\n<p>&nbsp;<\/p>\n<h6>Liens<\/h6>\n<p><a href=\"https:\/\/www.pygmento.com\/fr\/tarifs-grille-tarifaire\/\">Tarifs et d\u00e9lais de livraison<\/a><\/p>\n<p><a href=\"https:\/\/www.pygmento.com\/fr\/badges-professionnels\/\">Badges Professionnels<\/a><\/p>\n<p><a href=\"https:\/\/www.pygmento.com\/fr\/badge-conference\/\">Badges Conf\u00e9rences<\/a><\/p>\n<p><a href=\"https:\/\/www.pygmento.com\/fr\/impression-badge\/\">Impression Badges<\/a><\/p>\n<p>[\/et_pb_text][\/et_pb_column][\/et_pb_row][\/et_pb_section]<\/p>\n","protected":false},"excerpt":{"rendered":"<p>Mentions L\u00e9gales L\u2019acc\u00e8s et l\u2019utilisation du site pygmento.com sont soumis aux pr\u00e9sentes mentions l\u00e9gales d\u00e9taill\u00e9es ci-apr\u00e8s ainsi qu\u2019aux lois et\/ou r\u00e8glements applicables. Informations l\u00e9gales Pygmento.com est \u00e9dit\u00e9 par la soci\u00e9t\u00e9 NANXIA, Soci\u00e9t\u00e9 par actions simplifi\u00e9e \u00e0 associ\u00e9 unique au capital de 2 000 euros, dont le si\u00e8ge social est situ\u00e9 19, rue de la Vistule, [&hellip;]<\/p>\n","protected":false},"author":1,"featured_media":0,"parent":0,"menu_order":0,"comment_status":"closed","ping_status":"closed","template":"","meta":{"_et_pb_use_builder":"on","_et_pb_old_content":"<div id=\"main-content\"><div class=\"container\"><div id=\"content-area\" class=\"clearfix\"><div id=\"left-area\"><article id=\"post-210\" class=\"post-210 page type-page status-publish hentry\"><h1 class=\"entry-title main_title\">Mentions L\u00e9gales<\/h1><div class=\"entry-content\"><p>L\u2019acc\u00e8s et l\u2019utilisation du site pygmento.com sont soumis aux pr\u00e9sentes mentions l\u00e9gales d\u00e9taill\u00e9es ci-apr\u00e8s ainsi qu\u2019aux lois et\/ou r\u00e8glements applicables.<\/p><h6><strong>Informations l\u00e9gales<\/strong><\/h6><p>Pygmento.com est \u00e9dit\u00e9 par la soci\u00e9t\u00e9 NANXIA, Soci\u00e9t\u00e9 par actions simplifi\u00e9e \u00e0 associ\u00e9 unique au capital de 2 000 euros, dont le si\u00e8ge social est situ\u00e9 19, rue de la Vistule, 75 013 Paris, France, immatricul\u00e9e au Registre du commerce et des soci\u00e9t\u00e9s de Paris sous le num\u00e9ro 832 517 924.<\/p><p>Le site pygmento.com est h\u00e9berg\u00e9 par la soci\u00e9t\u00e9 Amazon Web Services (AWS) dont le si\u00e8ge social est situ\u00e9 : P.O. Box 81226,\u00a0Seattle, WA 98108-1226 aux Etats-Unis.<\/p><h6><strong>Informations techniques<\/strong><\/h6><p>En tant qu\u2019utilisateur du site pygmento.com, vous attestez avoir la comp\u00e9tence et les outils n\u00e9cessaires pour utiliser ce site, que nous\u00a0nous effor\u00e7ons de rendre accessible 24h\/24 et 7j\/7 sauf en cas de force majeure.<\/p><h6><strong>Propri\u00e9t\u00e9 intellectuelle<\/strong><\/h6><p>Les marques et les logos de Pygmento figurant sur ce site sont d\u00e9pos\u00e9s par la soci\u00e9t\u00e9 NANXIA ou par des tiers. Toute reproduction ou repr\u00e9sentation totale ou partielle, seules ou int\u00e9gr\u00e9es \u00e0 d\u2019autres \u00e9l\u00e9ments, sans l\u2019autorisation \u00e9crite, expresse et pr\u00e9alable de Pygmento, en est strictement interdite. La structure g\u00e9n\u00e9rale, des textes, images, vid\u00e9os, logiciels sons, animations, et plus g\u00e9n\u00e9ralement toutes les informations et contenus figurant sur le site pygmento.fr, sont la propri\u00e9t\u00e9 exclusive de Pygmento ou font l\u2019objet d\u2019un droit d\u2019utilisation ou d\u2019exploitation. Ces \u00e9l\u00e9ments sont soumis \u00e0 la l\u00e9gislation prot\u00e9geant le droit d\u2019auteur.<\/p><h6><strong>Loi applicable<\/strong><\/h6><p>Le pr\u00e9sent Site est r\u00e9gi par les lois fran\u00e7aises.<\/p><\/div><\/article><\/div><\/div><\/div><\/div><footer id=\"main-footer\"><div id=\"et-footer-nav\"><div class=\"container\">\u00a0<\/div><\/div><\/footer>","_et_gb_content_width":"","footnotes":""},"_links":{"self":[{"href":"https:\/\/www.pygmento.com\/fr\/wp-json\/wp\/v2\/pages\/2559"}],"collection":[{"href":"https:\/\/www.pygmento.com\/fr\/wp-json\/wp\/v2\/pages"}],"about":[{"href":"https:\/\/www.pygmento.com\/fr\/wp-json\/wp\/v2\/types\/page"}],"author":[{"embeddable":true,"href":"https:\/\/www.pygmento.com\/fr\/wp-json\/wp\/v2\/users\/1"}],"replies":[{"embeddable":true,"href":"https:\/\/www.pygmento.com\/fr\/wp-json\/wp\/v2\/comments?post=2559"}],"version-history":[{"count":7,"href":"https:\/\/www.pygmento.com\/fr\/wp-json\/wp\/v2\/pages\/2559\/revisions"}],"predecessor-version":[{"id":2571,"href":"https:\/\/www.pygmento.com\/fr\/wp-json\/wp\/v2\/pages\/2559\/revisions\/2571"}],"wp:attachment":[{"href":"https:\/\/www.pygmento.com\/fr\/wp-json\/wp\/v2\/media?parent=2559"}],"curies":[{"name":"wp","href":"https:\/\/api.w.org\/{rel}","templated":true}]}}